{"id":14,"date":"2023-08-24T18:04:11","date_gmt":"2023-08-24T16:04:11","guid":{"rendered":"http:\/\/les-ateliers-de-kylian-et-suzette.fr\/?page_id=14"},"modified":"2024-03-07T13:22:51","modified_gmt":"2024-03-07T12:22:51","slug":"accueil","status":"publish","type":"page","link":"https:\/\/les-ateliers-de-kylian-et-suzette.fr\/","title":{"rendered":"Le portage un moyen de renforcer le lien d&#8217;attachement parent-b\u00e9b\u00e9"},"content":{"rendered":"\t\t<div data-elementor-type=\"wp-page\" data-elementor-id=\"14\" class=\"elementor elementor-14\" data-elementor-post-type=\"page\">\n\t\t\t\t\t\t\t\t\t<section class=\"elementor-section elementor-top-section elementor-element elementor-element-4c0a4fe elementor-section-boxed elementor-section-height-default elementor-section-height-default\" data-id=\"4c0a4fe\" data-element_type=\"section\">\n\t\t\t\t\t\t<div class=\"elementor-container elementor-column-gap-default\">\n\t\t\t\t\t<div class=\"elementor-column elementor-col-100 elementor-top-column elementor-element elementor-element-5bf26c3\" data-id=\"5bf26c3\" data-element_type=\"column\">\n\t\t\t<div class=\"elementor-widget-wrap elementor-element-populated\">\n\t\t\t\t\t\t\t\t<div class=\"elementor-element elementor-element-d8d36b6 elementor-widget elementor-widget-text-editor\" data-id=\"d8d36b6\" data-element_type=\"widget\" data-widget_type=\"text-editor.default\">\n\t\t\t\t<div class=\"elementor-widget-container\">\n\t\t\t<style>\/*! elementor - v3.18.0 - 20-12-2023 *\/\n.elementor-widget-text-editor.elementor-drop-cap-view-stacked .elementor-drop-cap{background-color:#69727d;color:#fff}.elementor-widget-text-editor.elementor-drop-cap-view-framed .elementor-drop-cap{color:#69727d;border:3px solid;background-color:transparent}.elementor-widget-text-editor:not(.elementor-drop-cap-view-default) .elementor-drop-cap{margin-top:8px}.elementor-widget-text-editor:not(.elementor-drop-cap-view-default) .elementor-drop-cap-letter{width:1em;height:1em}.elementor-widget-text-editor .elementor-drop-cap{float:left;text-align:center;line-height:1;font-size:50px}.elementor-widget-text-editor .elementor-drop-cap-letter{display:inline-block}<\/style>\t\t\t\t<p style=\"font-size: 16px;\">Bienvenue dans l&#8217;univers chaleureux du portage physiologique, une m\u00e9thode d&#8217;\u00e9treinte qui promet une exp\u00e9rience gratifiante pour les parents et une transition en douceur pour les b\u00e9b\u00e9s vers le monde ext\u00e9rieur.\u00a0<\/p>\n<p style=\"font-size: 16px;\"><span style=\"color: var( --e-global-color-text ); font-family: var( --e-global-typography-text-font-family ), Sans-serif; font-weight: var( --e-global-typography-text-font-weight );\">Le portage physiologique repose sur le respect absolu de la morphologie et du d\u00e9veloppement du nourrisson. Les \u00e9charpes tiss\u00e9es, tricot\u00e9es, les slings, mais aussi les mei tai et portes b\u00e9b\u00e9s pr\u00e9form\u00e9s, permettent un soutien naturel de la position physiologique de b\u00e9b\u00e9. Pour cela, il faut qu\u2019ils soient utilis\u00e9s de fa\u00e7on adapt\u00e9e au stade de d\u00e9veloppement de l\u2019enfant. La position physiologique est une position favorisant l\u2019enroulement du dos mais aussi un \u00e9cart naturel du bassin de b\u00e9b\u00e9. Un moyen de portage adapt\u00e9 et correctement utilis\u00e9 permet une croissance harmonieuse du bassin, en \u00e9vitant des contraintes inutiles sur les articulations de b\u00e9b\u00e9 encore mall\u00e9ables.<\/span><\/p>\n<p style=\"font-size: 16px;\"><span style=\"text-align: center; color: var( --e-global-color-text ); font-family: var( --e-global-typography-text-font-family ), Sans-serif; font-weight: var( --e-global-typography-text-font-weight );\">Les b\u00e9b\u00e9s se sentent rassur\u00e9s par la proximit\u00e9 avec leur parent, stabilisant leur rythme cardiaque, r\u00e9gulant leur temp\u00e9rature corporelle et renfor\u00e7ant le lien affectif pr\u00e9cieux entre eux.<\/span><\/p>\t\t\t\t\t\t<\/div>\n\t\t\t\t<\/div>\n\t\t\t\t<div class=\"elementor-element elementor-element-ba41bd5 elementor-widget elementor-widget-text-editor\" data-id=\"ba41bd5\" data-element_type=\"widget\" data-widget_type=\"text-editor.default\">\n\t\t\t\t<div class=\"elementor-widget-container\">\n\t\t\t\t\t\t\t<p>LE BAIN ENVELOPP\u00c9, UNE AUTRE FA\u00c7ON D&#8217;OFFRIR DU BIEN \u00caTRE \u00c0 VOTRE B\u00c9B\u00c9<\/p>\t\t\t\t\t\t<\/div>\n\t\t\t\t<\/div>\n\t\t\t\t<div class=\"elementor-element elementor-element-9c6edc7 elementor-widget elementor-widget-text-editor\" data-id=\"9c6edc7\" data-element_type=\"widget\" data-widget_type=\"text-editor.default\">\n\t\t\t\t<div class=\"elementor-widget-container\">\n\t\t\t\t\t\t\t<p><span style=\"font-size: 16px;\">Alors oui le bain envelopp\u00e9 c\u2019est un moment doux et sublime, mais c\u2019est bien plus que cela. C\u2019est une re connexion de b\u00e9b\u00e9 \u00e0 sa vie intra-ut\u00e9rine, c\u2019est prendre le temps de revivre la naissance en douceur, \u00e0 son rythme. Un moment de partage o\u00f9 vous\u00a0<\/span><span style=\"font-size: 16px;\">pourrez \u00eatre \u00e9merveill\u00e9 par l\u2019apaisement de votre b\u00e9b\u00e9, par cette vague d\u2019\u00e9motion. Arr\u00eater le temps et tout simplement, profiter. \u00ab <strong>Une<\/strong> <strong>exp\u00e9rience unique, alliant s\u00e9curit\u00e9, douceur et complicit\u00e9<\/strong> \u00bb<\/span><\/p><p><span style=\"font-size: 16px;\">Je vous propose mes services pour plonger dans cet univers chaleureux et bienveillant du portage ! Mais aussi pour vous accompagner dans les premiers bains envelopp\u00e9s de b\u00e9b\u00e9 ! Habitant sur l\u2019axe Rennes-Foug\u00e8res, je vous propose des ateliers de portage \u00e0 votre domicile que ce soit \u00e0 Rennes, Foug\u00e8res, Saint-Aubin-du-Cormier, Liffr\u00e9, Vitr\u00e9 &#8230;<\/span><\/p>\t\t\t\t\t\t<\/div>\n\t\t\t\t<\/div>\n\t\t\t\t\t<\/div>\n\t\t<\/div>\n\t\t\t\t\t\t\t<\/div>\n\t\t<\/section>\n\t\t\t\t<section class=\"elementor-section elementor-top-section elementor-element elementor-element-5a4497f elementor-section-boxed elementor-section-height-default elementor-section-height-default\" data-id=\"5a4497f\" data-element_type=\"section\">\n\t\t\t\t\t\t<div class=\"elementor-container elementor-column-gap-default\">\n\t\t\t\t\t<div class=\"elementor-column elementor-col-100 elementor-top-column elementor-element elementor-element-d659be5\" data-id=\"d659be5\" data-element_type=\"column\">\n\t\t\t<div class=\"elementor-widget-wrap elementor-element-populated\">\n\t\t\t\t\t\t\t\t<div class=\"elementor-element elementor-element-6db33b6 elementor-widget elementor-widget-text-editor\" data-id=\"6db33b6\" data-element_type=\"widget\" data-widget_type=\"text-editor.default\">\n\t\t\t\t<div class=\"elementor-widget-container\">\n\t\t\t\t\t\t\t<p><em>&#8220;Plus le nid est douillet, plus les ailes sont grandes pour voler&#8221;<\/em><\/p>\t\t\t\t\t\t<\/div>\n\t\t\t\t<\/div>\n\t\t\t\t\t<\/div>\n\t\t<\/div>\n\t\t\t\t\t\t\t<\/div>\n\t\t<\/section>\n\t\t\t\t<section class=\"elementor-section elementor-top-section elementor-element elementor-element-696c7c3 elementor-section-boxed elementor-section-height-default elementor-section-height-default\" data-id=\"696c7c3\" data-element_type=\"section\">\n\t\t\t\t\t\t<div class=\"elementor-container elementor-column-gap-default\">\n\t\t\t\t\t<div class=\"elementor-column elementor-col-100 elementor-top-column elementor-element elementor-element-cc2079d\" data-id=\"cc2079d\" data-element_type=\"column\">\n\t\t\t<div class=\"elementor-widget-wrap elementor-element-populated\">\n\t\t\t\t\t\t\t\t<div class=\"elementor-element elementor-element-b529583 elementor-align-center elementor-widget elementor-widget-button\" data-id=\"b529583\" data-element_type=\"widget\" data-widget_type=\"button.default\">\n\t\t\t\t<div class=\"elementor-widget-container\">\n\t\t\t\t\t<div class=\"elementor-button-wrapper\">\n\t\t\t<a class=\"elementor-button elementor-button-link elementor-size-lg\" href=\"https:\/\/les-ateliers-de-kylian-et-suzette.fr\/index.php\/me-contacter\/\">\n\t\t\t\t\t\t<span class=\"elementor-button-content-wrapper\">\n\t\t\t\t\t\t<span class=\"elementor-button-text\">Me contacter<\/span>\n\t\t<\/span>\n\t\t\t\t\t<\/a>\n\t\t<\/div>\n\t\t\t\t<\/div>\n\t\t\t\t<\/div>\n\t\t\t\t\t<\/div>\n\t\t<\/div>\n\t\t\t\t\t\t\t<\/div>\n\t\t<\/section>\n\t\t\t\t<section class=\"elementor-section elementor-top-section elementor-element elementor-element-ca24815 elementor-section-boxed elementor-section-height-default elementor-section-height-default\" data-id=\"ca24815\" data-element_type=\"section\">\n\t\t\t\t\t\t<div class=\"elementor-container elementor-column-gap-default\">\n\t\t\t\t\t<div class=\"elementor-column elementor-col-50 elementor-top-column elementor-element elementor-element-c9aa911\" data-id=\"c9aa911\" data-element_type=\"column\">\n\t\t\t<div class=\"elementor-widget-wrap elementor-element-populated\">\n\t\t\t\t\t\t\t\t<div class=\"elementor-element elementor-element-f488b49 elementor-widget elementor-widget-image\" data-id=\"f488b49\" data-element_type=\"widget\" data-widget_type=\"image.default\">\n\t\t\t\t<div class=\"elementor-widget-container\">\n\t\t\t<style>\/*! elementor - v3.18.0 - 20-12-2023 *\/\n.elementor-widget-image{text-align:center}.elementor-widget-image a{display:inline-block}.elementor-widget-image a img[src$=\".svg\"]{width:48px}.elementor-widget-image img{vertical-align:middle;display:inline-block}<\/style>\t\t\t\t\t\t\t\t\t\t\t\t<img fetchpriority=\"high\" decoding=\"async\" width=\"768\" height=\"1024\" src=\"https:\/\/les-ateliers-de-kylian-et-suzette.fr\/wp-content\/uploads\/2024\/01\/Coco-Ilyes-768x1024.jpg\" class=\"attachment-large size-large wp-image-280\" alt=\"\" srcset=\"https:\/\/les-ateliers-de-kylian-et-suzette.fr\/wp-content\/uploads\/2024\/01\/Coco-Ilyes-768x1024.jpg 768w, https:\/\/les-ateliers-de-kylian-et-suzette.fr\/wp-content\/uploads\/2024\/01\/Coco-Ilyes-225x300.jpg 225w, https:\/\/les-ateliers-de-kylian-et-suzette.fr\/wp-content\/uploads\/2024\/01\/Coco-Ilyes-1152x1536.jpg 1152w, https:\/\/les-ateliers-de-kylian-et-suzette.fr\/wp-content\/uploads\/2024\/01\/Coco-Ilyes.jpg 1200w\" sizes=\"100vw\" \/>\t\t\t\t\t\t\t\t\t\t\t\t\t\t\t<\/div>\n\t\t\t\t<\/div>\n\t\t\t\t\t<\/div>\n\t\t<\/div>\n\t\t\t\t<div class=\"elementor-column elementor-col-50 elementor-top-column elementor-element elementor-element-6041de0\" data-id=\"6041de0\" data-element_type=\"column\">\n\t\t\t<div class=\"elementor-widget-wrap elementor-element-populated\">\n\t\t\t\t\t\t\t\t<div class=\"elementor-element elementor-element-9a6e76e elementor-widget elementor-widget-image\" data-id=\"9a6e76e\" data-element_type=\"widget\" data-widget_type=\"image.default\">\n\t\t\t\t<div class=\"elementor-widget-container\">\n\t\t\t\t\t\t\t\t\t\t\t\t\t\t\t<img decoding=\"async\" width=\"768\" height=\"1024\" src=\"https:\/\/les-ateliers-de-kylian-et-suzette.fr\/wp-content\/uploads\/2024\/03\/image0-768x1024.jpeg\" class=\"attachment-large size-large wp-image-396\" alt=\"\" srcset=\"https:\/\/les-ateliers-de-kylian-et-suzette.fr\/wp-content\/uploads\/2024\/03\/image0-768x1024.jpeg 768w, https:\/\/les-ateliers-de-kylian-et-suzette.fr\/wp-content\/uploads\/2024\/03\/image0-225x300.jpeg 225w, https:\/\/les-ateliers-de-kylian-et-suzette.fr\/wp-content\/uploads\/2024\/03\/image0-1152x1536.jpeg 1152w, https:\/\/les-ateliers-de-kylian-et-suzette.fr\/wp-content\/uploads\/2024\/03\/image0.jpeg 1200w\" sizes=\"100vw\" \/>\t\t\t\t\t\t\t\t\t\t\t\t\t\t\t<\/div>\n\t\t\t\t<\/div>\n\t\t\t\t\t<\/div>\n\t\t<\/div>\n\t\t\t\t\t\t\t<\/div>\n\t\t<\/section>\n\t\t\t\t<section class=\"elementor-section elementor-top-section elementor-element elementor-element-95625bd elementor-section-boxed elementor-section-height-default elementor-section-height-default\" data-id=\"95625bd\" data-element_type=\"section\">\n\t\t\t\t\t\t<div class=\"elementor-container elementor-column-gap-default\">\n\t\t\t\t\t<div class=\"elementor-column elementor-col-100 elementor-top-column elementor-element elementor-element-7030d50\" data-id=\"7030d50\" data-element_type=\"column\">\n\t\t\t<div class=\"elementor-widget-wrap elementor-element-populated\">\n\t\t\t\t\t\t\t\t<div class=\"elementor-element elementor-element-63e1ae1 elementor-testimonial--skin-default elementor-testimonial--layout-image_inline elementor-testimonial--align-center elementor-arrows-yes elementor-pagination-type-bullets elementor-widget elementor-widget-testimonial-carousel\" data-id=\"63e1ae1\" data-element_type=\"widget\" data-settings=\"{&quot;show_arrows&quot;:&quot;yes&quot;,&quot;pagination&quot;:&quot;bullets&quot;,&quot;speed&quot;:500,&quot;autoplay&quot;:&quot;yes&quot;,&quot;autoplay_speed&quot;:5000,&quot;loop&quot;:&quot;yes&quot;,&quot;pause_on_hover&quot;:&quot;yes&quot;,&quot;pause_on_interaction&quot;:&quot;yes&quot;,&quot;space_between&quot;:{&quot;unit&quot;:&quot;px&quot;,&quot;size&quot;:10,&quot;sizes&quot;:[]},&quot;space_between_tablet&quot;:{&quot;unit&quot;:&quot;px&quot;,&quot;size&quot;:10,&quot;sizes&quot;:[]},&quot;space_between_mobile&quot;:{&quot;unit&quot;:&quot;px&quot;,&quot;size&quot;:10,&quot;sizes&quot;:[]}}\" data-widget_type=\"testimonial-carousel.default\">\n\t\t\t\t<div class=\"elementor-widget-container\">\n\t\t\t<link rel=\"stylesheet\" href=\"https:\/\/les-ateliers-de-kylian-et-suzette.fr\/wp-content\/plugins\/elementor-pro\/assets\/css\/widget-carousel.min.css\">\t\t<div class=\"elementor-swiper\">\n\t\t\t<div class=\"elementor-main-swiper swiper\">\n\t\t\t\t<div class=\"swiper-wrapper\">\n\t\t\t\t\t\t\t\t\t\t\t<div class=\"swiper-slide\">\n\t\t\t\t\t\t\t\t\t<div class=\"elementor-testimonial\">\n\t\t\t\t\t\t\t<div class=\"elementor-testimonial__content\">\n\t\t\t\t\t<div class=\"elementor-testimonial__text\">\n\t\t\t\t\t\tPlus qu'un atelier de Portage, une r\u00e9v\u00e9lation dans notre parentalit\u00e9 qui nous accompagne quotidiennement pour notre plus grand bonheur\t\t\t\t\t<\/div>\n\t\t\t\t\t\t\t\t\t<\/div>\n\t\t\t\t\t\t<div class=\"elementor-testimonial__footer\">\n\t\t\t\t\t\t\t\t\t<div class=\"elementor-testimonial__image\">\n\t\t\t\t\t\t<img decoding=\"async\" src=\"https:\/\/les-ateliers-de-kylian-et-suzette.fr\/wp-content\/uploads\/2023\/12\/IMG_0009-scaled.jpg\" alt=\"Ya\u00eblle &amp; Corentin\">\n\t\t\t\t\t\t\t\t\t\t\t<\/div>\n\t\t\t\t\t\t\t\t<cite class=\"elementor-testimonial__cite\"><span class=\"elementor-testimonial__name\">Ya\u00eblle & Corentin<\/span><\/cite>\t\t\t<\/div>\n\t\t<\/div>\n\t\t\t\t\t\t\t\t<\/div>\n\t\t\t\t\t\t\t\t\t\t\t<div class=\"swiper-slide\">\n\t\t\t\t\t\t\t\t\t<div class=\"elementor-testimonial\">\n\t\t\t\t\t\t\t<div class=\"elementor-testimonial__content\">\n\t\t\t\t\t<div class=\"elementor-testimonial__text\">\n\t\t\t\t\t\t\u00c9coute, bienveillance, partage... tr\u00e8s bon moment pass\u00e9 autour du portage. Madison est de tr\u00e8s bons conseils, et s'adapte au rythme de chacun.\t\t\t\t\t<\/div>\n\t\t\t\t\t\t\t\t\t<\/div>\n\t\t\t\t\t\t<div class=\"elementor-testimonial__footer\">\n\t\t\t\t\t\t\t\t\t<div class=\"elementor-testimonial__image\">\n\t\t\t\t\t\t<img decoding=\"async\" src=\"https:\/\/les-ateliers-de-kylian-et-suzette.fr\/wp-content\/plugins\/elementor\/assets\/images\/placeholder.png\" alt=\"Mathilde\">\n\t\t\t\t\t\t\t\t\t\t\t<\/div>\n\t\t\t\t\t\t\t\t<cite class=\"elementor-testimonial__cite\"><span class=\"elementor-testimonial__name\">Mathilde<\/span><\/cite>\t\t\t<\/div>\n\t\t<\/div>\n\t\t\t\t\t\t\t\t<\/div>\n\t\t\t\t\t\t\t\t\t\t\t<div class=\"swiper-slide\">\n\t\t\t\t\t\t\t\t\t<div class=\"elementor-testimonial\">\n\t\t\t\t\t\t\t<div class=\"elementor-testimonial__content\">\n\t\t\t\t\t<div class=\"elementor-testimonial__text\">\n\t\t\t\t\t\tSuper exp\u00e9rience que nous recommandons vivement. Madison est dans l'\u00e9change et a pu nous conseiller sur d'autres aspects de la vie de b\u00e9b\u00e9.\t\t\t\t\t<\/div>\n\t\t\t\t\t\t\t\t\t<\/div>\n\t\t\t\t\t\t<div class=\"elementor-testimonial__footer\">\n\t\t\t\t\t\t\t\t\t<div class=\"elementor-testimonial__image\">\n\t\t\t\t\t\t<img decoding=\"async\" src=\"https:\/\/les-ateliers-de-kylian-et-suzette.fr\/wp-content\/plugins\/elementor\/assets\/images\/placeholder.png\" alt=\"Laure &amp;\">\n\t\t\t\t\t\t\t\t\t\t\t<\/div>\n\t\t\t\t\t\t\t\t<cite class=\"elementor-testimonial__cite\"><span class=\"elementor-testimonial__name\">Laure &<\/span><\/cite>\t\t\t<\/div>\n\t\t<\/div>\n\t\t\t\t\t\t\t\t<\/div>\n\t\t\t\t\t\t\t\t\t\t\t<div class=\"swiper-slide\">\n\t\t\t\t\t\t\t\t\t<div class=\"elementor-testimonial\">\n\t\t\t\t\t\t\t<div class=\"elementor-testimonial__content\">\n\t\t\t\t\t<div class=\"elementor-testimonial__text\">\n\t\t\t\t\t\tTr\u00e8s bon moment d'\u00e9change avec Madison sur l'atelier portage.\nCela nous a confort\u00e9 dans notre choix de porter b\u00e9b\u00e9 en \u00e9charpe.\t\t\t\t\t<\/div>\n\t\t\t\t\t\t\t\t\t<\/div>\n\t\t\t\t\t\t<div class=\"elementor-testimonial__footer\">\n\t\t\t\t\t\t\t\t\t<div class=\"elementor-testimonial__image\">\n\t\t\t\t\t\t<img decoding=\"async\" src=\"https:\/\/les-ateliers-de-kylian-et-suzette.fr\/wp-content\/plugins\/elementor\/assets\/images\/placeholder.png\" alt=\"Doriane &amp; Pierre\">\n\t\t\t\t\t\t\t\t\t\t\t<\/div>\n\t\t\t\t\t\t\t\t<cite class=\"elementor-testimonial__cite\"><span class=\"elementor-testimonial__name\">Doriane & Pierre<\/span><\/cite>\t\t\t<\/div>\n\t\t<\/div>\n\t\t\t\t\t\t\t\t<\/div>\n\t\t\t\t\t\t\t\t\t\t\t<div class=\"swiper-slide\">\n\t\t\t\t\t\t\t\t\t<div class=\"elementor-testimonial\">\n\t\t\t\t\t\t\t<div class=\"elementor-testimonial__content\">\n\t\t\t\t\t<div class=\"elementor-testimonial__text\">\n\t\t\t\t\t\tNous avons opt\u00e9 pour un atelier de groupe \u00e0 domicile (2 couples ) c'\u00e9tait vraiment un super moment ...  Madison a convaincu tout le monde (et surtout le papa pour ma part). Un moment d'\u00e9changes mais aussi de rires . Les explications sont claires et adapt\u00e9es.\t\t\t\t\t<\/div>\n\t\t\t\t\t\t\t\t\t<\/div>\n\t\t\t\t\t\t<div class=\"elementor-testimonial__footer\">\n\t\t\t\t\t\t\t\t\t<div class=\"elementor-testimonial__image\">\n\t\t\t\t\t\t<img decoding=\"async\" src=\"https:\/\/les-ateliers-de-kylian-et-suzette.fr\/wp-content\/plugins\/elementor\/assets\/images\/placeholder.png\" alt=\"Ana\u00efs &amp; Brice\">\n\t\t\t\t\t\t\t\t\t\t\t<\/div>\n\t\t\t\t\t\t\t\t<cite class=\"elementor-testimonial__cite\"><span class=\"elementor-testimonial__name\">Ana\u00efs & Brice<\/span><\/cite>\t\t\t<\/div>\n\t\t<\/div>\n\t\t\t\t\t\t\t\t<\/div>\n\t\t\t\t\t\t\t\t\t<\/div>\n\t\t\t\t\t\t\t\t\t\t\t\t\t\t\t<div class=\"swiper-pagination\"><\/div>\n\t\t\t\t\t\t\t\t\t\t\t\t\t\t\t\t<div class=\"elementor-swiper-button elementor-swiper-button-prev\" role=\"button\" tabindex=\"0\">\n\t\t\t\t\t\t\t<i aria-hidden=\"true\" class=\"eicon-chevron-left\"><\/i>\t\t\t\t\t\t\t<span class=\"elementor-screen-only\">Previous<\/span>\n\t\t\t\t\t\t<\/div>\n\t\t\t\t\t\t<div class=\"elementor-swiper-button elementor-swiper-button-next\" role=\"button\" tabindex=\"0\">\n\t\t\t\t\t\t\t<i aria-hidden=\"true\" class=\"eicon-chevron-right\"><\/i>\t\t\t\t\t\t\t<span class=\"elementor-screen-only\">Next<\/span>\n\t\t\t\t\t\t<\/div>\n\t\t\t\t\t\t\t\t\t\t\t\t<\/div>\n\t\t<\/div>\n\t\t\t\t<\/div>\n\t\t\t\t<\/div>\n\t\t\t\t\t<\/div>\n\t\t<\/div>\n\t\t\t\t\t\t\t<\/div>\n\t\t<\/section>\n\t\t\t\t\t\t\t<\/div>\n\t\t","protected":false},"excerpt":{"rendered":"<p>Bienvenue dans l&#8217;univers chaleureux du portage physiologique, une m\u00e9thode d&#8217;\u00e9treinte qui promet une exp\u00e9rience gratifiante pour les parents et une transition en douceur pour les b\u00e9b\u00e9s vers le monde ext\u00e9rieur.\u00a0 Le portage physiologique repose sur le respect absolu de la morphologie et du d\u00e9veloppement du nourrisson. Les \u00e9charpes tiss\u00e9es, tricot\u00e9es, les slings, mais aussi les &hellip; <\/p>\n<p class=\"link-more\"><a href=\"https:\/\/les-ateliers-de-kylian-et-suzette.fr\/\" class=\"more-link\">Read more<span class=\"screen-reader-text\"> &#8220;Le portage un moyen de renforcer le lien d&#8217;attachement parent-b\u00e9b\u00e9&#8221;<\/span><\/a><\/p>\n","protected":false},"author":1,"featured_media":0,"parent":0,"menu_order":0,"comment_status":"closed","ping_status":"closed","template":"","meta":{"footnotes":""},"class_list":["post-14","page","type-page","status-publish","hentry"],"_links":{"self":[{"href":"https:\/\/les-ateliers-de-kylian-et-suzette.fr\/index.php\/wp-json\/wp\/v2\/pages\/14","targetHints":{"allow":["GET"]}}],"collection":[{"href":"https:\/\/les-ateliers-de-kylian-et-suzette.fr\/index.php\/wp-json\/wp\/v2\/pages"}],"about":[{"href":"https:\/\/les-ateliers-de-kylian-et-suzette.fr\/index.php\/wp-json\/wp\/v2\/types\/page"}],"author":[{"embeddable":true,"href":"https:\/\/les-ateliers-de-kylian-et-suzette.fr\/index.php\/wp-json\/wp\/v2\/users\/1"}],"replies":[{"embeddable":true,"href":"https:\/\/les-ateliers-de-kylian-et-suzette.fr\/index.php\/wp-json\/wp\/v2\/comments?post=14"}],"version-history":[{"count":66,"href":"https:\/\/les-ateliers-de-kylian-et-suzette.fr\/index.php\/wp-json\/wp\/v2\/pages\/14\/revisions"}],"predecessor-version":[{"id":445,"href":"https:\/\/les-ateliers-de-kylian-et-suzette.fr\/index.php\/wp-json\/wp\/v2\/pages\/14\/revisions\/445"}],"wp:attachment":[{"href":"https:\/\/les-ateliers-de-kylian-et-suzette.fr\/index.php\/wp-json\/wp\/v2\/media?parent=14"}],"curies":[{"name":"wp","href":"https:\/\/api.w.org\/{rel}","templated":true}]}}