{"id":140,"date":"2023-12-24T17:26:09","date_gmt":"2023-12-24T16:26:09","guid":{"rendered":"https:\/\/les-ateliers-de-kylian-et-suzette.fr\/?page_id=140"},"modified":"2024-03-05T14:02:57","modified_gmt":"2024-03-05T13:02:57","slug":"bain-enveloppe-doux-cocon","status":"publish","type":"page","link":"https:\/\/les-ateliers-de-kylian-et-suzette.fr\/index.php\/bain-enveloppe-doux-cocon\/","title":{"rendered":"Bain envelopp\u00e9 &#8220;Doux Cocon&#8221;"},"content":{"rendered":"\t\t<div data-elementor-type=\"wp-page\" data-elementor-id=\"140\" class=\"elementor elementor-140\" data-elementor-post-type=\"page\">\n\t\t\t\t\t\t\t\t\t<section class=\"elementor-section elementor-top-section elementor-element elementor-element-8512b16 elementor-section-boxed elementor-section-height-default elementor-section-height-default\" data-id=\"8512b16\" data-element_type=\"section\">\n\t\t\t\t\t\t<div class=\"elementor-container elementor-column-gap-default\">\n\t\t\t\t\t<div class=\"elementor-column elementor-col-50 elementor-top-column elementor-element elementor-element-a749a65\" data-id=\"a749a65\" data-element_type=\"column\">\n\t\t\t<div class=\"elementor-widget-wrap elementor-element-populated\">\n\t\t\t\t\t\t\t\t<div class=\"elementor-element elementor-element-679fd8f elementor-widget elementor-widget-image\" data-id=\"679fd8f\" data-element_type=\"widget\" data-widget_type=\"image.default\">\n\t\t\t\t<div class=\"elementor-widget-container\">\n\t\t\t<style>\/*! elementor - v3.18.0 - 20-12-2023 *\/\n.elementor-widget-image{text-align:center}.elementor-widget-image a{display:inline-block}.elementor-widget-image a img[src$=\".svg\"]{width:48px}.elementor-widget-image img{vertical-align:middle;display:inline-block}<\/style>\t\t\t\t\t\t\t\t\t\t\t\t<img fetchpriority=\"high\" decoding=\"async\" width=\"768\" height=\"1024\" src=\"https:\/\/les-ateliers-de-kylian-et-suzette.fr\/wp-content\/uploads\/2024\/03\/image1-768x1024.jpeg\" class=\"attachment-large size-large wp-image-397\" alt=\"\" srcset=\"https:\/\/les-ateliers-de-kylian-et-suzette.fr\/wp-content\/uploads\/2024\/03\/image1-768x1024.jpeg 768w, https:\/\/les-ateliers-de-kylian-et-suzette.fr\/wp-content\/uploads\/2024\/03\/image1-225x300.jpeg 225w, https:\/\/les-ateliers-de-kylian-et-suzette.fr\/wp-content\/uploads\/2024\/03\/image1-1152x1536.jpeg 1152w, https:\/\/les-ateliers-de-kylian-et-suzette.fr\/wp-content\/uploads\/2024\/03\/image1-1536x2048.jpeg 1536w, https:\/\/les-ateliers-de-kylian-et-suzette.fr\/wp-content\/uploads\/2024\/03\/image1-2000x2667.jpeg 2000w, https:\/\/les-ateliers-de-kylian-et-suzette.fr\/wp-content\/uploads\/2024\/03\/image1-scaled.jpeg 1920w\" sizes=\"100vw\" \/>\t\t\t\t\t\t\t\t\t\t\t\t\t\t\t<\/div>\n\t\t\t\t<\/div>\n\t\t\t\t\t<\/div>\n\t\t<\/div>\n\t\t\t\t<div class=\"elementor-column elementor-col-50 elementor-top-column elementor-element elementor-element-65202e3\" data-id=\"65202e3\" data-element_type=\"column\">\n\t\t\t<div class=\"elementor-widget-wrap elementor-element-populated\">\n\t\t\t\t\t\t\t\t<div class=\"elementor-element elementor-element-038ec35 elementor-widget elementor-widget-text-editor\" data-id=\"038ec35\" data-element_type=\"widget\" data-widget_type=\"text-editor.default\">\n\t\t\t\t<div class=\"elementor-widget-container\">\n\t\t\t<style>\/*! elementor - v3.18.0 - 20-12-2023 *\/\n.elementor-widget-text-editor.elementor-drop-cap-view-stacked .elementor-drop-cap{background-color:#69727d;color:#fff}.elementor-widget-text-editor.elementor-drop-cap-view-framed .elementor-drop-cap{color:#69727d;border:3px solid;background-color:transparent}.elementor-widget-text-editor:not(.elementor-drop-cap-view-default) .elementor-drop-cap{margin-top:8px}.elementor-widget-text-editor:not(.elementor-drop-cap-view-default) .elementor-drop-cap-letter{width:1em;height:1em}.elementor-widget-text-editor .elementor-drop-cap{float:left;text-align:center;line-height:1;font-size:50px}.elementor-widget-text-editor .elementor-drop-cap-letter{display:inline-block}<\/style>\t\t\t\t<p>Le Bain envelopp\u00e9 \u00ab Doux cocon \u00bb est un bain avant tout <span style=\"text-decoration: underline;\"><strong>apaisant et relaxant<\/strong><\/span>. En<br \/>effet, les premi\u00e8res semaines de vie peuvent \u00eatre source de stress et de pleurs chez le b\u00e9b\u00e9.<\/p><p>Le bain envelopp\u00e9, au contraire, <strong>permet \u00e0 b\u00e9b\u00e9 de se sentir contenu<\/strong> et de<br \/>retrouver les sensations si apaisantes et rassurantes qu\u2019il a connu <strong>in utero<\/strong> durant<br \/>les 9 premiers mois de sa vie (sans \u00eatre d\u00e9sorganis\u00e9, notamment par le r\u00e9flexe de<br \/>Moro).<\/p><p>Ce bain envelopp\u00e9 est \u00e0 effectuer id\u00e9alement dans le <strong>premier mois de vie<\/strong>,<br \/>jusqu\u2019\u00e0 6 semaines maximum, l\u00e0 o\u00f9 la <strong>m\u00e9moire sensorielle<\/strong> de b\u00e9b\u00e9 lui permet de<br \/>retrouver ses sensations in ut\u00e9ro.<\/p><p>Ce bain peut \u00eatre aussi le premier bain de votre b\u00e9b\u00e9. Un premier bain effectu\u00e9 \u00e0<br \/>la maison. Un premier bain retard\u00e9 permettant \u00e0 b\u00e9b\u00e9 de garder sur lui tous les<br \/>bienfaits du Vernix. En effet, \u00e0 sa naissance b\u00e9b\u00e9 poss\u00e8de une substance grasse<br \/>sur sa peau, le Vernix. <strong>Cette substance \u00e0 de nombreux bienfaits<\/strong>, notamment la<br \/>protection et l\u2019hydratation de la peau de b\u00e9b\u00e9.<\/p><p>\u00a0<\/p>\t\t\t\t\t\t<\/div>\n\t\t\t\t<\/div>\n\t\t\t\t<div class=\"elementor-element elementor-element-10d5bc7 elementor-widget elementor-widget-text-editor\" data-id=\"10d5bc7\" data-element_type=\"widget\" data-widget_type=\"text-editor.default\">\n\t\t\t\t<div class=\"elementor-widget-container\">\n\t\t\t\t\t\t\t<p><span style=\"text-decoration: underline;\"><strong>Alors profitons en le plus possible !<\/strong><\/span><\/p>\t\t\t\t\t\t<\/div>\n\t\t\t\t<\/div>\n\t\t\t\t\t<\/div>\n\t\t<\/div>\n\t\t\t\t\t\t\t<\/div>\n\t\t<\/section>\n\t\t\t\t<section class=\"elementor-section elementor-top-section elementor-element elementor-element-a9f258c elementor-section-boxed elementor-section-height-default elementor-section-height-default\" data-id=\"a9f258c\" data-element_type=\"section\">\n\t\t\t\t\t\t<div class=\"elementor-container elementor-column-gap-default\">\n\t\t\t\t\t<div class=\"elementor-column elementor-col-100 elementor-top-column elementor-element elementor-element-1e1d70a\" data-id=\"1e1d70a\" data-element_type=\"column\">\n\t\t\t<div class=\"elementor-widget-wrap elementor-element-populated\">\n\t\t\t\t\t\t\t\t<div class=\"elementor-element elementor-element-fdbfc46 elementor-widget elementor-widget-text-editor\" data-id=\"fdbfc46\" data-element_type=\"widget\" data-widget_type=\"text-editor.default\">\n\t\t\t\t<div class=\"elementor-widget-container\">\n\t\t\t\t\t\t\t<p style=\"font-size: 15px;\">Le Bain \u00ab Doux cocon \u00bb permet \u00e0 b\u00e9b\u00e9 une d\u00e9tente, un apaisement des tensions r\u00e9sultant de la naissance. C\u2019est pour lui un\u00a0<span style=\"text-decoration-line: underline;\"><span style=\"font-weight: bolder;\">moment de l\u00e2cher prise<\/span><\/span>.<\/p><p style=\"font-size: 15px;\">Ce bain se pratique avec\u00a0<span style=\"font-weight: bolder;\">b\u00e9b\u00e9 lov\u00e9 dans un lange,<\/span> en position f\u0153tale pour lui permettre de profiter de ce doux moment, dans une eau \u00e0 la juste temp\u00e9rature : b\u00e9b\u00e9 va alors se sentir dans un \u00ab doux cocon \u00bb, comme dans le ventre de maman. Le lange autour de b\u00e9b\u00e9 vient \u00e0 se d\u00e9nouer peu \u00e0 peu pour le laisser, s\u2019il le souhaite, libre de ses mouvements.<\/p><p style=\"font-size: 15px;\">*Bien que les bienfaits soient les m\u00eames, le bain envelopp\u00e9 \u00ab Doux cocon \u00bb n\u2019est pas le \u00ab Thalasso\/ Th\u00e9rapeutique Bain B\u00e9b\u00e9\u00bb de Sonia Krief.<\/p>\t\t\t\t\t\t<\/div>\n\t\t\t\t<\/div>\n\t\t\t\t\t<\/div>\n\t\t<\/div>\n\t\t\t\t\t\t\t<\/div>\n\t\t<\/section>\n\t\t\t\t<section class=\"elementor-section elementor-top-section elementor-element elementor-element-7be00d0 elementor-section-boxed elementor-section-height-default elementor-section-height-default\" data-id=\"7be00d0\" data-element_type=\"section\">\n\t\t\t\t\t\t<div class=\"elementor-container elementor-column-gap-default\">\n\t\t\t\t\t<div class=\"elementor-column elementor-col-50 elementor-top-column elementor-element elementor-element-140fa9e\" data-id=\"140fa9e\" data-element_type=\"column\">\n\t\t\t<div class=\"elementor-widget-wrap elementor-element-populated\">\n\t\t\t\t\t\t\t\t<div class=\"elementor-element elementor-element-dacc270 elementor-widget elementor-widget-text-editor\" data-id=\"dacc270\" data-element_type=\"widget\" data-widget_type=\"text-editor.default\">\n\t\t\t\t<div class=\"elementor-widget-container\">\n\t\t\t\t\t\t\t<p><strong style=\"color: var( --e-global-color-text );\">Comment se d\u00e9roule l\u2019accompagnement Bain envelopp\u00e9 ?<\/strong><\/p><p>Dans un premier temps il me para\u00eet important d\u2019\u00e9changer avec vous, sur votre grossesse ainsi que sur la naissance de votre b\u00e9b\u00e9. Ensuite je vous pr\u00e9sente le d\u00e9roul\u00e9 du soin tout en r\u00e9pondant \u00e0 vos questions.<\/p><p>Une fois ce moment d\u2019\u00e9change pass\u00e9, je vous laisse d\u00e9shabiller votre b\u00e9b\u00e9 pendant que je pr\u00e9pare tout mon mat\u00e9riel, puis j\u2019emmaillote votre tout petit pour le mettre en s\u00e9curit\u00e9. Je me pr\u00e9sente \u00e0 lui, lui parle et lui explique le soin.<\/p><p>La plupart du temps, la mise au bain se fait entre mes mains. Cela rassure les<br \/>parents, ils peuvent ainsi profiter du spectacle, et \u00eatre \u00e9merveill\u00e9s face au chemin qui emm\u00e8ne b\u00e9b\u00e9 vers la d\u00e9tente, o\u00f9 parfois des tensions se d\u00e9nouent.<\/p><p>Une fois que b\u00e9b\u00e9 semble bien d\u00e9tendu, ma voix peut vous guider pour que vous puissiez prendre le relais si vous le souhaitez. Je vous transmets des gestes simples que vous pourrez refaire autant de fois que vous le souhaitez lors des prochains bains de b\u00e9b\u00e9. Vous pourrez alors partager un moment intense avec votre nouveau-n\u00e9, une bulle de douceur.<\/p><p>Pendant ce temps, si vous le souhaitez et si b\u00e9b\u00e9 est totalement apais\u00e9, je peux<br \/>vous proposer de faire quelques photos pour vous souvenir de ce moment<br \/>magique. A la fin du bain, en fonction des besoins de votre b\u00e9b\u00e9 je peux vous proposer un<br \/>moment de peau \u00e0 peau avec lui, ou bien vous accompagner pour une initiation<br \/>au massage b\u00e9b\u00e9.<\/p>\t\t\t\t\t\t<\/div>\n\t\t\t\t<\/div>\n\t\t\t\t\t<\/div>\n\t\t<\/div>\n\t\t\t\t<div class=\"elementor-column elementor-col-50 elementor-top-column elementor-element elementor-element-08313c6\" data-id=\"08313c6\" data-element_type=\"column\">\n\t\t\t<div class=\"elementor-widget-wrap elementor-element-populated\">\n\t\t\t\t\t\t\t\t<div class=\"elementor-element elementor-element-6426410 elementor-widget elementor-widget-image\" data-id=\"6426410\" data-element_type=\"widget\" data-widget_type=\"image.default\">\n\t\t\t\t<div class=\"elementor-widget-container\">\n\t\t\t\t\t\t\t\t\t\t\t\t\t\t\t<img decoding=\"async\" width=\"768\" height=\"1024\" src=\"https:\/\/les-ateliers-de-kylian-et-suzette.fr\/wp-content\/uploads\/2024\/03\/image2-768x1024.jpeg\" class=\"attachment-large size-large wp-image-398\" alt=\"\" srcset=\"https:\/\/les-ateliers-de-kylian-et-suzette.fr\/wp-content\/uploads\/2024\/03\/image2-768x1024.jpeg 768w, https:\/\/les-ateliers-de-kylian-et-suzette.fr\/wp-content\/uploads\/2024\/03\/image2-225x300.jpeg 225w, https:\/\/les-ateliers-de-kylian-et-suzette.fr\/wp-content\/uploads\/2024\/03\/image2-1152x1536.jpeg 1152w, https:\/\/les-ateliers-de-kylian-et-suzette.fr\/wp-content\/uploads\/2024\/03\/image2-1536x2048.jpeg 1536w, https:\/\/les-ateliers-de-kylian-et-suzette.fr\/wp-content\/uploads\/2024\/03\/image2-2000x2667.jpeg 2000w, https:\/\/les-ateliers-de-kylian-et-suzette.fr\/wp-content\/uploads\/2024\/03\/image2-scaled.jpeg 1920w\" sizes=\"100vw\" \/>\t\t\t\t\t\t\t\t\t\t\t\t\t\t\t<\/div>\n\t\t\t\t<\/div>\n\t\t\t\t\t<\/div>\n\t\t<\/div>\n\t\t\t\t\t\t\t<\/div>\n\t\t<\/section>\n\t\t\t\t<section class=\"elementor-section elementor-top-section elementor-element elementor-element-3c8c02b elementor-section-boxed elementor-section-height-default elementor-section-height-default\" data-id=\"3c8c02b\" data-element_type=\"section\">\n\t\t\t\t\t\t<div class=\"elementor-container elementor-column-gap-default\">\n\t\t\t\t\t<div class=\"elementor-column elementor-col-100 elementor-top-column elementor-element elementor-element-510f34a\" data-id=\"510f34a\" data-element_type=\"column\">\n\t\t\t<div class=\"elementor-widget-wrap elementor-element-populated\">\n\t\t\t\t\t\t\t\t<div class=\"elementor-element elementor-element-a2b606e elementor-align-center elementor-widget elementor-widget-button\" data-id=\"a2b606e\" data-element_type=\"widget\" data-widget_type=\"button.default\">\n\t\t\t\t<div class=\"elementor-widget-container\">\n\t\t\t\t\t<div class=\"elementor-button-wrapper\">\n\t\t\t<a class=\"elementor-button elementor-button-link elementor-size-md\" href=\"https:\/\/les-ateliers-de-kylian-et-suzette.fr\/index.php\/me-contacter\/\">\n\t\t\t\t\t\t<span class=\"elementor-button-content-wrapper\">\n\t\t\t\t\t\t<span class=\"elementor-button-text\">Me contacter<\/span>\n\t\t<\/span>\n\t\t\t\t\t<\/a>\n\t\t<\/div>\n\t\t\t\t<\/div>\n\t\t\t\t<\/div>\n\t\t\t\t\t<\/div>\n\t\t<\/div>\n\t\t\t\t\t\t\t<\/div>\n\t\t<\/section>\n\t\t\t\t\t\t\t<\/div>\n\t\t","protected":false},"excerpt":{"rendered":"<p>Le Bain envelopp\u00e9 \u00ab Doux cocon \u00bb est un bain avant tout apaisant et relaxant. Eneffet, les premi\u00e8res semaines de vie peuvent \u00eatre source de stress et de pleurs chez le b\u00e9b\u00e9. Le bain envelopp\u00e9, au contraire, permet \u00e0 b\u00e9b\u00e9 de se sentir contenu et deretrouver les sensations si apaisantes et rassurantes qu\u2019il a connu &hellip; <\/p>\n<p class=\"link-more\"><a href=\"https:\/\/les-ateliers-de-kylian-et-suzette.fr\/index.php\/bain-enveloppe-doux-cocon\/\" class=\"more-link\">Read more<span class=\"screen-reader-text\"> &#8220;Bain envelopp\u00e9 &#8220;Doux Cocon&#8221;&#8221;<\/span><\/a><\/p>\n","protected":false},"author":1,"featured_media":0,"parent":0,"menu_order":0,"comment_status":"closed","ping_status":"closed","template":"","meta":{"footnotes":""},"class_list":["post-140","page","type-page","status-publish","hentry"],"_links":{"self":[{"href":"https:\/\/les-ateliers-de-kylian-et-suzette.fr\/index.php\/wp-json\/wp\/v2\/pages\/140","targetHints":{"allow":["GET"]}}],"collection":[{"href":"https:\/\/les-ateliers-de-kylian-et-suzette.fr\/index.php\/wp-json\/wp\/v2\/pages"}],"about":[{"href":"https:\/\/les-ateliers-de-kylian-et-suzette.fr\/index.php\/wp-json\/wp\/v2\/types\/page"}],"author":[{"embeddable":true,"href":"https:\/\/les-ateliers-de-kylian-et-suzette.fr\/index.php\/wp-json\/wp\/v2\/users\/1"}],"replies":[{"embeddable":true,"href":"https:\/\/les-ateliers-de-kylian-et-suzette.fr\/index.php\/wp-json\/wp\/v2\/comments?post=140"}],"version-history":[{"count":23,"href":"https:\/\/les-ateliers-de-kylian-et-suzette.fr\/index.php\/wp-json\/wp\/v2\/pages\/140\/revisions"}],"predecessor-version":[{"id":419,"href":"https:\/\/les-ateliers-de-kylian-et-suzette.fr\/index.php\/wp-json\/wp\/v2\/pages\/140\/revisions\/419"}],"wp:attachment":[{"href":"https:\/\/les-ateliers-de-kylian-et-suzette.fr\/index.php\/wp-json\/wp\/v2\/media?parent=140"}],"curies":[{"name":"wp","href":"https:\/\/api.w.org\/{rel}","templated":true}]}}