{"id":47,"date":"2023-08-24T18:18:38","date_gmt":"2023-08-24T16:18:38","guid":{"rendered":"http:\/\/les-ateliers-de-kylian-et-suzette.fr\/?page_id=47"},"modified":"2024-03-07T13:16:10","modified_gmt":"2024-03-07T12:16:10","slug":"qui-suis-je","status":"publish","type":"page","link":"https:\/\/les-ateliers-de-kylian-et-suzette.fr\/index.php\/qui-suis-je\/","title":{"rendered":"Qui suis-je ?"},"content":{"rendered":"\t\t<div data-elementor-type=\"wp-page\" data-elementor-id=\"47\" class=\"elementor elementor-47\" data-elementor-post-type=\"page\">\n\t\t\t\t\t\t\t\t\t<section class=\"elementor-section elementor-top-section elementor-element elementor-element-88fd287 elementor-section-boxed elementor-section-height-default elementor-section-height-default\" data-id=\"88fd287\" data-element_type=\"section\">\n\t\t\t\t\t\t<div class=\"elementor-container elementor-column-gap-default\">\n\t\t\t\t\t<div class=\"elementor-column elementor-col-50 elementor-top-column elementor-element elementor-element-920e343\" data-id=\"920e343\" data-element_type=\"column\">\n\t\t\t<div class=\"elementor-widget-wrap elementor-element-populated\">\n\t\t\t\t\t\t\t\t<div class=\"elementor-element elementor-element-f0710cf elementor-widget elementor-widget-image\" data-id=\"f0710cf\" data-element_type=\"widget\" data-widget_type=\"image.default\">\n\t\t\t\t<div class=\"elementor-widget-container\">\n\t\t\t<style>\/*! elementor - v3.18.0 - 20-12-2023 *\/\n.elementor-widget-image{text-align:center}.elementor-widget-image a{display:inline-block}.elementor-widget-image a img[src$=\".svg\"]{width:48px}.elementor-widget-image img{vertical-align:middle;display:inline-block}<\/style>\t\t\t\t\t\t\t\t\t\t\t\t<img fetchpriority=\"high\" decoding=\"async\" width=\"1500\" height=\"2151\" src=\"https:\/\/les-ateliers-de-kylian-et-suzette.fr\/wp-content\/uploads\/2023\/08\/256410042_136883408696775_2091505619318258618_n-1.jpg\" class=\"attachment-full size-full wp-image-91\" alt=\"\" srcset=\"https:\/\/les-ateliers-de-kylian-et-suzette.fr\/wp-content\/uploads\/2023\/08\/256410042_136883408696775_2091505619318258618_n-1.jpg 1500w, https:\/\/les-ateliers-de-kylian-et-suzette.fr\/wp-content\/uploads\/2023\/08\/256410042_136883408696775_2091505619318258618_n-1-209x300.jpg 209w, https:\/\/les-ateliers-de-kylian-et-suzette.fr\/wp-content\/uploads\/2023\/08\/256410042_136883408696775_2091505619318258618_n-1-714x1024.jpg 714w, https:\/\/les-ateliers-de-kylian-et-suzette.fr\/wp-content\/uploads\/2023\/08\/256410042_136883408696775_2091505619318258618_n-1-768x1101.jpg 768w, https:\/\/les-ateliers-de-kylian-et-suzette.fr\/wp-content\/uploads\/2023\/08\/256410042_136883408696775_2091505619318258618_n-1-1071x1536.jpg 1071w, https:\/\/les-ateliers-de-kylian-et-suzette.fr\/wp-content\/uploads\/2023\/08\/256410042_136883408696775_2091505619318258618_n-1-1428x2048.jpg 1428w\" sizes=\"100vw\" \/>\t\t\t\t\t\t\t\t\t\t\t\t\t\t\t<\/div>\n\t\t\t\t<\/div>\n\t\t\t\t\t<\/div>\n\t\t<\/div>\n\t\t\t\t<div class=\"elementor-column elementor-col-50 elementor-top-column elementor-element elementor-element-86efecb\" data-id=\"86efecb\" data-element_type=\"column\">\n\t\t\t<div class=\"elementor-widget-wrap elementor-element-populated\">\n\t\t\t\t\t\t\t\t<div class=\"elementor-element elementor-element-f2ff506 elementor-widget__width-initial elementor-widget elementor-widget-text-editor\" data-id=\"f2ff506\" data-element_type=\"widget\" data-widget_type=\"text-editor.default\">\n\t\t\t\t<div class=\"elementor-widget-container\">\n\t\t\t<style>\/*! elementor - v3.18.0 - 20-12-2023 *\/\n.elementor-widget-text-editor.elementor-drop-cap-view-stacked .elementor-drop-cap{background-color:#69727d;color:#fff}.elementor-widget-text-editor.elementor-drop-cap-view-framed .elementor-drop-cap{color:#69727d;border:3px solid;background-color:transparent}.elementor-widget-text-editor:not(.elementor-drop-cap-view-default) .elementor-drop-cap{margin-top:8px}.elementor-widget-text-editor:not(.elementor-drop-cap-view-default) .elementor-drop-cap-letter{width:1em;height:1em}.elementor-widget-text-editor .elementor-drop-cap{float:left;text-align:center;line-height:1;font-size:50px}.elementor-widget-text-editor .elementor-drop-cap-letter{display:inline-block}<\/style>\t\t\t\t<p><span style=\"font-weight: 400;\">Je m\u2019appelle Madison, j\u2019ai 27 ans et je suis infirmi\u00e8re pu\u00e9ricultrice.<\/span><\/p><p><span style=\"font-weight: 400;\">Dans mon quotidien de pu\u00e9ricultrice, je me suis rendue compte que les parents que je rencontrais dans certains services de maternit\u00e9 ou de n\u00e9onatalogie par exemple, \u00e9taient demandeurs d\u2019<span style=\"text-decoration: underline;\"><strong>informations et d\u2019ateliers sur le <\/strong><strong>portag<\/strong><strong>e.<\/strong><\/span>\u00a0<\/span><span style=\"font-weight: 400;\">Des informations et des conseils qu\u2019ils aimeraient utiliser dans leur quotidien.\u00a0<\/span><\/p><p><span style=\"font-weight: 400;\">J&#8217;ai donc eu envie de devenir monitrice de portage. Cette qualification pouvant me permettre ainsi d\u2019enrichir mes <span style=\"text-decoration: underline;\"><strong>connaissances et comp\u00e9tences professionnelles<\/strong><\/span>. <\/span><span style=\"font-weight: 400;\">J\u2019ai \u00e9t\u00e9 form\u00e9e au portage b\u00e9b\u00e9 par \u00ab <strong>l\u2019\u00e9cole \u00e0 Porter\u00a0<\/strong>\u00bb. Suite \u00e0 cette formation, j&#8217;ai souhait\u00e9 proposer des ateliers de portage au domicile des parents ou futurs parents. C\u2019est ainsi que \u00ab <strong>Les ateliers de Kylian et Suzette<\/strong> \u00bb ont vu le jour en 2021.<\/span><\/p><p><span style=\"font-weight: 400;\">Je vois dans le portage une <span style=\"text-decoration: underline;\"><strong>continuit\u00e9 de la grossesse<\/strong><\/span>, permettant \u00e0 la maman de ressentir des sensations au plus proche des sensations qu\u2019elle pouvait ressentir lorsque son b\u00e9b\u00e9 \u00e9tait dans son ventre.\u00a0 <\/span><span style=\"font-weight: 400;\">Pour le co-parent, je vois cela comme un moyen de <span style=\"text-decoration: underline;\"><strong>faciliter le lien d\u2019attachement avec son b\u00e9b\u00e9<\/strong><\/span>. Le portage est selon moi un moyen de <strong>cr\u00e9er un cocon avec son enfant<\/strong>, sentir b\u00e9b\u00e9 blotti contre soi en ayant ce c\u00f4t\u00e9 pratique qui permet au parent d\u2019<strong>avoir les mains libres<\/strong>.\u00a0<\/span><\/p><p>De plus, voyant l\u2019<strong>impact positif<\/strong> et bienveillant des ateliers de portage aupr\u00e8s des parents, j\u2019ai eu envie de d\u00e9velopper mon activit\u00e9, pour pouvoir vous proposer un autre accompagnement, qui semble vous questionner tout autant, le <strong>Bain envelopp\u00e9<\/strong>. C\u2019est pour cela que je me suis form\u00e9e d\u00e9but 2024 dans l\u2019accompagnement au Bain envelopp\u00e9 de votre b\u00e9b\u00e9. Je me suis form\u00e9e au centre de formation \u00ab Parlons2mains \u00bb.<\/p><p>Je serais ravie de vous accompagner, ainsi que votre b\u00e9b\u00e9 dans cette <strong>magnifique aventure qu\u2019est le portage<\/strong> et\/ou de pouvoir<strong> vous guider<\/strong> dans ce tout premier instant magique qu\u2019est le <strong>bain de votre b\u00e9b\u00e9<\/strong>. Toujours dans le but de faciliter ces prestations, <strong>je me d\u00e9place \u00e0 votre domicile<\/strong>, (dans le secteur Rennes, Foug\u00e8res, Vitr\u00e9&#8230;) avec mon mat\u00e9riel. Pour le portage, je propose\u00a0des ateliers individuels, en couple ou collectifs \u00e0 votre domicile.\u00a0<\/p>\t\t\t\t\t\t<\/div>\n\t\t\t\t<\/div>\n\t\t\t\t\t<\/div>\n\t\t<\/div>\n\t\t\t\t\t\t\t<\/div>\n\t\t<\/section>\n\t\t\t\t<section class=\"elementor-section elementor-top-section elementor-element elementor-element-ac6dc7f elementor-section-boxed elementor-section-height-default elementor-section-height-default\" data-id=\"ac6dc7f\" data-element_type=\"section\">\n\t\t\t\t\t\t<div class=\"elementor-container elementor-column-gap-default\">\n\t\t\t\t\t<div class=\"elementor-column elementor-col-100 elementor-top-column elementor-element elementor-element-2380da9\" data-id=\"2380da9\" data-element_type=\"column\">\n\t\t\t<div class=\"elementor-widget-wrap elementor-element-populated\">\n\t\t\t\t\t\t\t\t<div class=\"elementor-element elementor-element-9168e4d elementor-align-center elementor-widget elementor-widget-button\" data-id=\"9168e4d\" data-element_type=\"widget\" data-widget_type=\"button.default\">\n\t\t\t\t<div class=\"elementor-widget-container\">\n\t\t\t\t\t<div class=\"elementor-button-wrapper\">\n\t\t\t<a class=\"elementor-button elementor-button-link elementor-size-sm\" href=\"https:\/\/les-ateliers-de-kylian-et-suzette.fr\/index.php\/me-contacter\/\">\n\t\t\t\t\t\t<span class=\"elementor-button-content-wrapper\">\n\t\t\t\t\t\t<span class=\"elementor-button-text\">Me contacter<\/span>\n\t\t<\/span>\n\t\t\t\t\t<\/a>\n\t\t<\/div>\n\t\t\t\t<\/div>\n\t\t\t\t<\/div>\n\t\t\t\t\t<\/div>\n\t\t<\/div>\n\t\t\t\t\t\t\t<\/div>\n\t\t<\/section>\n\t\t\t\t<section class=\"elementor-section elementor-top-section elementor-element elementor-element-63c4b6f elementor-section-boxed elementor-section-height-default elementor-section-height-default\" data-id=\"63c4b6f\" data-element_type=\"section\">\n\t\t\t\t\t\t<div class=\"elementor-container elementor-column-gap-default\">\n\t\t\t\t\t<div class=\"elementor-column elementor-col-50 elementor-top-column elementor-element elementor-element-77c0a8e\" data-id=\"77c0a8e\" data-element_type=\"column\">\n\t\t\t<div class=\"elementor-widget-wrap elementor-element-populated\">\n\t\t\t\t\t\t\t\t<div class=\"elementor-element elementor-element-cfcc3d0 elementor-widget elementor-widget-image\" data-id=\"cfcc3d0\" data-element_type=\"widget\" data-widget_type=\"image.default\">\n\t\t\t\t<div class=\"elementor-widget-container\">\n\t\t\t\t\t\t\t\t\t\t\t\t\t\t\t<img decoding=\"async\" width=\"768\" height=\"1024\" src=\"https:\/\/les-ateliers-de-kylian-et-suzette.fr\/wp-content\/uploads\/2024\/01\/Madi-et-Ilyes.jpg\" class=\"attachment-medium_large size-medium_large wp-image-285\" alt=\"\" srcset=\"https:\/\/les-ateliers-de-kylian-et-suzette.fr\/wp-content\/uploads\/2024\/01\/Madi-et-Ilyes.jpg 768w, https:\/\/les-ateliers-de-kylian-et-suzette.fr\/wp-content\/uploads\/2024\/01\/Madi-et-Ilyes-225x300.jpg 225w\" sizes=\"100vw\" \/>\t\t\t\t\t\t\t\t\t\t\t\t\t\t\t<\/div>\n\t\t\t\t<\/div>\n\t\t\t\t\t<\/div>\n\t\t<\/div>\n\t\t\t\t<div class=\"elementor-column elementor-col-50 elementor-top-column elementor-element elementor-element-9abbbf1\" data-id=\"9abbbf1\" data-element_type=\"column\">\n\t\t\t<div class=\"elementor-widget-wrap elementor-element-populated\">\n\t\t\t\t\t\t\t\t<div class=\"elementor-element elementor-element-5409a1b elementor-widget elementor-widget-image\" data-id=\"5409a1b\" data-element_type=\"widget\" data-widget_type=\"image.default\">\n\t\t\t\t<div class=\"elementor-widget-container\">\n\t\t\t\t\t\t\t\t\t\t\t\t\t\t\t<img decoding=\"async\" width=\"768\" height=\"768\" src=\"https:\/\/les-ateliers-de-kylian-et-suzette.fr\/wp-content\/uploads\/2023\/08\/274333667_158211593230623_3108252871113734816_n-768x768.jpg\" class=\"attachment-medium_large size-medium_large wp-image-88\" alt=\"\" srcset=\"https:\/\/les-ateliers-de-kylian-et-suzette.fr\/wp-content\/uploads\/2023\/08\/274333667_158211593230623_3108252871113734816_n-768x768.jpg 768w, https:\/\/les-ateliers-de-kylian-et-suzette.fr\/wp-content\/uploads\/2023\/08\/274333667_158211593230623_3108252871113734816_n-300x300.jpg 300w, https:\/\/les-ateliers-de-kylian-et-suzette.fr\/wp-content\/uploads\/2023\/08\/274333667_158211593230623_3108252871113734816_n-1024x1024.jpg 1024w, https:\/\/les-ateliers-de-kylian-et-suzette.fr\/wp-content\/uploads\/2023\/08\/274333667_158211593230623_3108252871113734816_n-150x150.jpg 150w, https:\/\/les-ateliers-de-kylian-et-suzette.fr\/wp-content\/uploads\/2023\/08\/274333667_158211593230623_3108252871113734816_n.jpg 1200w\" sizes=\"100vw\" \/>\t\t\t\t\t\t\t\t\t\t\t\t\t\t\t<\/div>\n\t\t\t\t<\/div>\n\t\t\t\t\t<\/div>\n\t\t<\/div>\n\t\t\t\t\t\t\t<\/div>\n\t\t<\/section>\n\t\t\t\t\t\t\t<\/div>\n\t\t","protected":false},"excerpt":{"rendered":"<p>Je m\u2019appelle Madison, j\u2019ai 27 ans et je suis infirmi\u00e8re pu\u00e9ricultrice. Dans mon quotidien de pu\u00e9ricultrice, je me suis rendue compte que les parents que je rencontrais dans certains services de maternit\u00e9 ou de n\u00e9onatalogie par exemple, \u00e9taient demandeurs d\u2019informations et d\u2019ateliers sur le portage.\u00a0Des informations et des conseils qu\u2019ils aimeraient utiliser dans leur quotidien.\u00a0 &hellip; <\/p>\n<p class=\"link-more\"><a href=\"https:\/\/les-ateliers-de-kylian-et-suzette.fr\/index.php\/qui-suis-je\/\" class=\"more-link\">Read more<span class=\"screen-reader-text\"> &#8220;Qui suis-je ?&#8221;<\/span><\/a><\/p>\n","protected":false},"author":1,"featured_media":0,"parent":0,"menu_order":0,"comment_status":"closed","ping_status":"closed","template":"elementor_header_footer","meta":{"footnotes":""},"class_list":["post-47","page","type-page","status-publish","hentry"],"_links":{"self":[{"href":"https:\/\/les-ateliers-de-kylian-et-suzette.fr\/index.php\/wp-json\/wp\/v2\/pages\/47","targetHints":{"allow":["GET"]}}],"collection":[{"href":"https:\/\/les-ateliers-de-kylian-et-suzette.fr\/index.php\/wp-json\/wp\/v2\/pages"}],"about":[{"href":"https:\/\/les-ateliers-de-kylian-et-suzette.fr\/index.php\/wp-json\/wp\/v2\/types\/page"}],"author":[{"embeddable":true,"href":"https:\/\/les-ateliers-de-kylian-et-suzette.fr\/index.php\/wp-json\/wp\/v2\/users\/1"}],"replies":[{"embeddable":true,"href":"https:\/\/les-ateliers-de-kylian-et-suzette.fr\/index.php\/wp-json\/wp\/v2\/comments?post=47"}],"version-history":[{"count":23,"href":"https:\/\/les-ateliers-de-kylian-et-suzette.fr\/index.php\/wp-json\/wp\/v2\/pages\/47\/revisions"}],"predecessor-version":[{"id":435,"href":"https:\/\/les-ateliers-de-kylian-et-suzette.fr\/index.php\/wp-json\/wp\/v2\/pages\/47\/revisions\/435"}],"wp:attachment":[{"href":"https:\/\/les-ateliers-de-kylian-et-suzette.fr\/index.php\/wp-json\/wp\/v2\/media?parent=47"}],"curies":[{"name":"wp","href":"https:\/\/api.w.org\/{rel}","templated":true}]}}