{"id":50,"date":"2023-08-24T18:20:06","date_gmt":"2023-08-24T16:20:06","guid":{"rendered":"http:\/\/les-ateliers-de-kylian-et-suzette.fr\/?page_id=50"},"modified":"2024-03-05T13:56:19","modified_gmt":"2024-03-05T12:56:19","slug":"carte-cadeau","status":"publish","type":"page","link":"https:\/\/les-ateliers-de-kylian-et-suzette.fr\/index.php\/carte-cadeau\/","title":{"rendered":"Carte Cadeau"},"content":{"rendered":"\t\t<div data-elementor-type=\"wp-page\" data-elementor-id=\"50\" class=\"elementor elementor-50\" data-elementor-post-type=\"page\">\n\t\t\t\t\t\t\t\t\t<section class=\"elementor-section elementor-top-section elementor-element elementor-element-f61f65c elementor-section-boxed elementor-section-height-default elementor-section-height-default\" data-id=\"f61f65c\" data-element_type=\"section\">\n\t\t\t\t\t\t<div class=\"elementor-container elementor-column-gap-default\">\n\t\t\t\t\t<div class=\"elementor-column elementor-col-100 elementor-top-column elementor-element elementor-element-3f89c22\" data-id=\"3f89c22\" data-element_type=\"column\">\n\t\t\t<div class=\"elementor-widget-wrap elementor-element-populated\">\n\t\t\t\t\t\t\t\t<div class=\"elementor-element elementor-element-2d3341b elementor-widget elementor-widget-text-editor\" data-id=\"2d3341b\" data-element_type=\"widget\" data-widget_type=\"text-editor.default\">\n\t\t\t\t<div class=\"elementor-widget-container\">\n\t\t\t<style>\/*! elementor - v3.18.0 - 20-12-2023 *\/\n.elementor-widget-text-editor.elementor-drop-cap-view-stacked .elementor-drop-cap{background-color:#69727d;color:#fff}.elementor-widget-text-editor.elementor-drop-cap-view-framed .elementor-drop-cap{color:#69727d;border:3px solid;background-color:transparent}.elementor-widget-text-editor:not(.elementor-drop-cap-view-default) .elementor-drop-cap{margin-top:8px}.elementor-widget-text-editor:not(.elementor-drop-cap-view-default) .elementor-drop-cap-letter{width:1em;height:1em}.elementor-widget-text-editor .elementor-drop-cap{float:left;text-align:center;line-height:1;font-size:50px}.elementor-widget-text-editor .elementor-drop-cap-letter{display:inline-block}<\/style>\t\t\t\t<p><span style=\"color: var( --e-global-color-text );\">Infirmi\u00e8re pu\u00e9ricultrice et monitrice de portage, je vous propose des ateliers de portage autour de la p\u00e9riph\u00e9rie Rennaise ! Je peux donc me rendre \u00e0 votre domicile o\u00f9 \u00e0 celui de vos proches pour r\u00e9aliser des ateliers de portage \u00e0 Foug\u00e8res, Vitr\u00e9, Liffr\u00e9&#8230;<\/span><\/p><p>De plus, je peux vous accompagner dans les premiers bains de votre b\u00e9b\u00e9 en vous proposant un accompagnement Bain Envelopp\u00e9, \u00e9galement \u00e0 votre domicile.<\/p><p><span style=\"text-decoration: underline;\"><strong>N\u2019h\u00e9sitez plus et offrez \u00e0 vos proches un moment de partage et d\u2019\u00e9merveillement avec leur nouveau-n\u00e9.<\/strong><\/span><\/p>\t\t\t\t\t\t<\/div>\n\t\t\t\t<\/div>\n\t\t\t\t\t<\/div>\n\t\t<\/div>\n\t\t\t\t\t\t\t<\/div>\n\t\t<\/section>\n\t\t\t\t<section class=\"elementor-section elementor-top-section elementor-element elementor-element-424508a elementor-section-boxed elementor-section-height-default elementor-section-height-default\" data-id=\"424508a\" data-element_type=\"section\">\n\t\t\t\t\t\t<div class=\"elementor-container elementor-column-gap-default\">\n\t\t\t\t\t<div class=\"elementor-column elementor-col-100 elementor-top-column elementor-element elementor-element-11c38b4\" data-id=\"11c38b4\" data-element_type=\"column\">\n\t\t\t<div class=\"elementor-widget-wrap elementor-element-populated\">\n\t\t\t\t\t\t\t\t<div class=\"elementor-element elementor-element-4effebb elementor-align-center elementor-widget elementor-widget-button\" data-id=\"4effebb\" data-element_type=\"widget\" data-widget_type=\"button.default\">\n\t\t\t\t<div class=\"elementor-widget-container\">\n\t\t\t\t\t<div class=\"elementor-button-wrapper\">\n\t\t\t<a class=\"elementor-button elementor-button-link elementor-size-md\" href=\"https:\/\/les-ateliers-de-kylian-et-suzette.fr\/index.php\/me-contacter\/\">\n\t\t\t\t\t\t<span class=\"elementor-button-content-wrapper\">\n\t\t\t\t\t\t<span class=\"elementor-button-text\">Me contacter<\/span>\n\t\t<\/span>\n\t\t\t\t\t<\/a>\n\t\t<\/div>\n\t\t\t\t<\/div>\n\t\t\t\t<\/div>\n\t\t\t\t\t<\/div>\n\t\t<\/div>\n\t\t\t\t\t\t\t<\/div>\n\t\t<\/section>\n\t\t\t\t<section class=\"elementor-section elementor-top-section elementor-element elementor-element-1dede2d elementor-section-boxed elementor-section-height-default elementor-section-height-default\" data-id=\"1dede2d\" data-element_type=\"section\">\n\t\t\t\t\t\t<div class=\"elementor-container elementor-column-gap-default\">\n\t\t\t\t\t<div class=\"elementor-column elementor-col-100 elementor-top-column elementor-element elementor-element-5b9e529\" data-id=\"5b9e529\" data-element_type=\"column\">\n\t\t\t<div class=\"elementor-widget-wrap elementor-element-populated\">\n\t\t\t\t\t\t\t\t<div class=\"elementor-element elementor-element-da9414a elementor-widget elementor-widget-image\" data-id=\"da9414a\" data-element_type=\"widget\" data-widget_type=\"image.default\">\n\t\t\t\t<div class=\"elementor-widget-container\">\n\t\t\t<style>\/*! elementor - v3.18.0 - 20-12-2023 *\/\n.elementor-widget-image{text-align:center}.elementor-widget-image a{display:inline-block}.elementor-widget-image a img[src$=\".svg\"]{width:48px}.elementor-widget-image img{vertical-align:middle;display:inline-block}<\/style>\t\t\t\t\t\t\t\t\t\t\t\t<img fetchpriority=\"high\" decoding=\"async\" width=\"950\" height=\"672\" src=\"https:\/\/les-ateliers-de-kylian-et-suzette.fr\/wp-content\/uploads\/2024\/03\/image3-1024x724.png\" class=\"attachment-large size-large wp-image-399\" alt=\"\" srcset=\"https:\/\/les-ateliers-de-kylian-et-suzette.fr\/wp-content\/uploads\/2024\/03\/image3-1024x724.png 1024w, https:\/\/les-ateliers-de-kylian-et-suzette.fr\/wp-content\/uploads\/2024\/03\/image3-300x212.png 300w, https:\/\/les-ateliers-de-kylian-et-suzette.fr\/wp-content\/uploads\/2024\/03\/image3-768x543.png 768w, https:\/\/les-ateliers-de-kylian-et-suzette.fr\/wp-content\/uploads\/2024\/03\/image3-1536x1087.png 1536w, https:\/\/les-ateliers-de-kylian-et-suzette.fr\/wp-content\/uploads\/2024\/03\/image3.png 2000w\" sizes=\"100vw\" \/>\t\t\t\t\t\t\t\t\t\t\t\t\t\t\t<\/div>\n\t\t\t\t<\/div>\n\t\t\t\t\t<\/div>\n\t\t<\/div>\n\t\t\t\t\t\t\t<\/div>\n\t\t<\/section>\n\t\t\t\t\t\t\t<\/div>\n\t\t","protected":false},"excerpt":{"rendered":"<p>Infirmi\u00e8re pu\u00e9ricultrice et monitrice de portage, je vous propose des ateliers de portage autour de la p\u00e9riph\u00e9rie Rennaise ! Je peux donc me rendre \u00e0 votre domicile o\u00f9 \u00e0 celui de vos proches pour r\u00e9aliser des ateliers de portage \u00e0 Foug\u00e8res, Vitr\u00e9, Liffr\u00e9&#8230; De plus, je peux vous accompagner dans les premiers bains de votre &hellip; <\/p>\n<p class=\"link-more\"><a href=\"https:\/\/les-ateliers-de-kylian-et-suzette.fr\/index.php\/carte-cadeau\/\" class=\"more-link\">Read more<span class=\"screen-reader-text\"> &#8220;Carte Cadeau&#8221;<\/span><\/a><\/p>\n","protected":false},"author":1,"featured_media":0,"parent":0,"menu_order":0,"comment_status":"closed","ping_status":"closed","template":"","meta":{"footnotes":""},"class_list":["post-50","page","type-page","status-publish","hentry"],"_links":{"self":[{"href":"https:\/\/les-ateliers-de-kylian-et-suzette.fr\/index.php\/wp-json\/wp\/v2\/pages\/50","targetHints":{"allow":["GET"]}}],"collection":[{"href":"https:\/\/les-ateliers-de-kylian-et-suzette.fr\/index.php\/wp-json\/wp\/v2\/pages"}],"about":[{"href":"https:\/\/les-ateliers-de-kylian-et-suzette.fr\/index.php\/wp-json\/wp\/v2\/types\/page"}],"author":[{"embeddable":true,"href":"https:\/\/les-ateliers-de-kylian-et-suzette.fr\/index.php\/wp-json\/wp\/v2\/users\/1"}],"replies":[{"embeddable":true,"href":"https:\/\/les-ateliers-de-kylian-et-suzette.fr\/index.php\/wp-json\/wp\/v2\/comments?post=50"}],"version-history":[{"count":17,"href":"https:\/\/les-ateliers-de-kylian-et-suzette.fr\/index.php\/wp-json\/wp\/v2\/pages\/50\/revisions"}],"predecessor-version":[{"id":416,"href":"https:\/\/les-ateliers-de-kylian-et-suzette.fr\/index.php\/wp-json\/wp\/v2\/pages\/50\/revisions\/416"}],"wp:attachment":[{"href":"https:\/\/les-ateliers-de-kylian-et-suzette.fr\/index.php\/wp-json\/wp\/v2\/media?parent=50"}],"curies":[{"name":"wp","href":"https:\/\/api.w.org\/{rel}","templated":true}]}}