{"id":53,"date":"2023-08-24T18:21:40","date_gmt":"2023-08-24T16:21:40","guid":{"rendered":"http:\/\/les-ateliers-de-kylian-et-suzette.fr\/?page_id=53"},"modified":"2024-03-05T13:54:43","modified_gmt":"2024-03-05T12:54:43","slug":"espace-partenaires-et-professionnels","status":"publish","type":"page","link":"https:\/\/les-ateliers-de-kylian-et-suzette.fr\/index.php\/mes-prestations\/espace-partenaires-et-professionnels\/","title":{"rendered":"Espace partenaires et professionnels"},"content":{"rendered":"\t\t<div data-elementor-type=\"wp-page\" data-elementor-id=\"53\" class=\"elementor elementor-53\" data-elementor-post-type=\"page\">\n\t\t\t\t\t\t\t\t\t<section class=\"elementor-section elementor-top-section elementor-element elementor-element-8f6bad1 elementor-section-boxed elementor-section-height-default elementor-section-height-default\" data-id=\"8f6bad1\" data-element_type=\"section\">\n\t\t\t\t\t\t<div class=\"elementor-container elementor-column-gap-default\">\n\t\t\t\t\t<div class=\"elementor-column elementor-col-50 elementor-top-column elementor-element elementor-element-d83ff27\" data-id=\"d83ff27\" data-element_type=\"column\">\n\t\t\t<div class=\"elementor-widget-wrap elementor-element-populated\">\n\t\t\t\t\t\t\t\t<div class=\"elementor-element elementor-element-96d0823 elementor-widget elementor-widget-text-editor\" data-id=\"96d0823\" data-element_type=\"widget\" data-widget_type=\"text-editor.default\">\n\t\t\t\t<div class=\"elementor-widget-container\">\n\t\t\t<style>\/*! elementor - v3.18.0 - 20-12-2023 *\/\n.elementor-widget-text-editor.elementor-drop-cap-view-stacked .elementor-drop-cap{background-color:#69727d;color:#fff}.elementor-widget-text-editor.elementor-drop-cap-view-framed .elementor-drop-cap{color:#69727d;border:3px solid;background-color:transparent}.elementor-widget-text-editor:not(.elementor-drop-cap-view-default) .elementor-drop-cap{margin-top:8px}.elementor-widget-text-editor:not(.elementor-drop-cap-view-default) .elementor-drop-cap-letter{width:1em;height:1em}.elementor-widget-text-editor .elementor-drop-cap{float:left;text-align:center;line-height:1;font-size:50px}.elementor-widget-text-editor .elementor-drop-cap-letter{display:inline-block}<\/style>\t\t\t\t<p><span style=\"color: var( --e-global-color-text );\">&nbsp;Monitrice agr\u00e9e chez<\/span><br><\/p>\t\t\t\t\t\t<\/div>\n\t\t\t\t<\/div>\n\t\t\t\t\t<\/div>\n\t\t<\/div>\n\t\t\t\t<div class=\"elementor-column elementor-col-50 elementor-top-column elementor-element elementor-element-627fc5e\" data-id=\"627fc5e\" data-element_type=\"column\">\n\t\t\t<div class=\"elementor-widget-wrap elementor-element-populated\">\n\t\t\t\t\t\t\t\t<div class=\"elementor-element elementor-element-e36e49f elementor-widget elementor-widget-image\" data-id=\"e36e49f\" data-element_type=\"widget\" data-widget_type=\"image.default\">\n\t\t\t\t<div class=\"elementor-widget-container\">\n\t\t\t<style>\/*! elementor - v3.18.0 - 20-12-2023 *\/\n.elementor-widget-image{text-align:center}.elementor-widget-image a{display:inline-block}.elementor-widget-image a img[src$=\".svg\"]{width:48px}.elementor-widget-image img{vertical-align:middle;display:inline-block}<\/style>\t\t\t\t\t\t\t\t\t\t\t\t<img fetchpriority=\"high\" decoding=\"async\" width=\"397\" height=\"127\" src=\"https:\/\/les-ateliers-de-kylian-et-suzette.fr\/wp-content\/uploads\/2023\/12\/telechargement.png\" class=\"attachment-large size-large wp-image-209\" alt=\"\" srcset=\"https:\/\/les-ateliers-de-kylian-et-suzette.fr\/wp-content\/uploads\/2023\/12\/telechargement.png 397w, https:\/\/les-ateliers-de-kylian-et-suzette.fr\/wp-content\/uploads\/2023\/12\/telechargement-300x96.png 300w\" sizes=\"100vw\" \/>\t\t\t\t\t\t\t\t\t\t\t\t\t\t\t<\/div>\n\t\t\t\t<\/div>\n\t\t\t\t\t<\/div>\n\t\t<\/div>\n\t\t\t\t\t\t\t<\/div>\n\t\t<\/section>\n\t\t\t\t<section class=\"elementor-section elementor-top-section elementor-element elementor-element-5ad9c5b elementor-section-boxed elementor-section-height-default elementor-section-height-default\" data-id=\"5ad9c5b\" data-element_type=\"section\">\n\t\t\t\t\t\t<div class=\"elementor-container elementor-column-gap-default\">\n\t\t\t\t\t<div class=\"elementor-column elementor-col-50 elementor-top-column elementor-element elementor-element-c9b5937\" data-id=\"c9b5937\" data-element_type=\"column\">\n\t\t\t<div class=\"elementor-widget-wrap elementor-element-populated\">\n\t\t\t\t\t\t\t\t<div class=\"elementor-element elementor-element-7c89e81 elementor-widget elementor-widget-text-editor\" data-id=\"7c89e81\" data-element_type=\"widget\" data-widget_type=\"text-editor.default\">\n\t\t\t\t<div class=\"elementor-widget-container\">\n\t\t\t\t\t\t\t<p><span style=\"font-family: Roboto, sans-serif;\"><span style=\"font-size: 25px;\">Accompagnante au bain envelopp\u00e9 \u00abDoux Cocon \u00bb agr\u00e9e centre de formation <\/span><\/span><span style=\"font-family: Roboto, sans-serif;\"><span style=\"font-size: 25px;\">Parlon2mains<\/span><\/span><\/p>\t\t\t\t\t\t<\/div>\n\t\t\t\t<\/div>\n\t\t\t\t\t<\/div>\n\t\t<\/div>\n\t\t\t\t<div class=\"elementor-column elementor-col-50 elementor-top-column elementor-element elementor-element-ece23e1\" data-id=\"ece23e1\" data-element_type=\"column\">\n\t\t\t<div class=\"elementor-widget-wrap elementor-element-populated\">\n\t\t\t\t\t\t\t\t<div class=\"elementor-element elementor-element-67f10b1 elementor-widget elementor-widget-image\" data-id=\"67f10b1\" data-element_type=\"widget\" data-widget_type=\"image.default\">\n\t\t\t\t<div class=\"elementor-widget-container\">\n\t\t\t\t\t\t\t\t\t\t\t\t\t\t\t<img decoding=\"async\" width=\"950\" height=\"672\" src=\"https:\/\/les-ateliers-de-kylian-et-suzette.fr\/wp-content\/uploads\/2024\/03\/PARLONS2MAINS-1024x724.jpg\" class=\"attachment-large size-large wp-image-410\" alt=\"\" srcset=\"https:\/\/les-ateliers-de-kylian-et-suzette.fr\/wp-content\/uploads\/2024\/03\/PARLONS2MAINS-1024x724.jpg 1024w, https:\/\/les-ateliers-de-kylian-et-suzette.fr\/wp-content\/uploads\/2024\/03\/PARLONS2MAINS-300x212.jpg 300w, https:\/\/les-ateliers-de-kylian-et-suzette.fr\/wp-content\/uploads\/2024\/03\/PARLONS2MAINS-768x543.jpg 768w, https:\/\/les-ateliers-de-kylian-et-suzette.fr\/wp-content\/uploads\/2024\/03\/PARLONS2MAINS-1536x1086.jpg 1536w, https:\/\/les-ateliers-de-kylian-et-suzette.fr\/wp-content\/uploads\/2024\/03\/PARLONS2MAINS-2048x1448.jpg 2048w, https:\/\/les-ateliers-de-kylian-et-suzette.fr\/wp-content\/uploads\/2024\/03\/PARLONS2MAINS-2000x1414.jpg 2000w\" sizes=\"100vw\" \/>\t\t\t\t\t\t\t\t\t\t\t\t\t\t\t<\/div>\n\t\t\t\t<\/div>\n\t\t\t\t\t<\/div>\n\t\t<\/div>\n\t\t\t\t\t\t\t<\/div>\n\t\t<\/section>\n\t\t\t\t<section class=\"elementor-section elementor-top-section elementor-element elementor-element-add888c elementor-section-boxed elementor-section-height-default elementor-section-height-default\" data-id=\"add888c\" data-element_type=\"section\">\n\t\t\t\t\t\t<div class=\"elementor-container elementor-column-gap-default\">\n\t\t\t\t\t<div class=\"elementor-column elementor-col-100 elementor-top-column elementor-element elementor-element-862d41f\" data-id=\"862d41f\" data-element_type=\"column\">\n\t\t\t<div class=\"elementor-widget-wrap elementor-element-populated\">\n\t\t\t\t\t\t\t\t<div class=\"elementor-element elementor-element-50788aa elementor-widget elementor-widget-text-editor\" data-id=\"50788aa\" data-element_type=\"widget\" data-widget_type=\"text-editor.default\">\n\t\t\t\t<div class=\"elementor-widget-container\">\n\t\t\t\t\t\t\t<h2>Professionnels et Collectivit\u00e9s<\/h2><p>Si mes valeurs r\u00e9sonnent en harmonie, mes services pourraient bien \u00eatre la touche magique dont vos patients\/clients ont besoin !<\/p><p>Ne tardez pas \u00e0 me joindre pour que nous puissions cr\u00e9er ensemble une collaboration exceptionnelle. Je serais ravi de r\u00e9aliser des ateliers, initiations ou tout autre projet dans votre structure.<\/p><p>Ensemble, rendons chaque exp\u00e9rience unique et m\u00e9morable !<\/p>\t\t\t\t\t\t<\/div>\n\t\t\t\t<\/div>\n\t\t\t\t\t<\/div>\n\t\t<\/div>\n\t\t\t\t\t\t\t<\/div>\n\t\t<\/section>\n\t\t\t\t<section class=\"elementor-section elementor-top-section elementor-element elementor-element-8275a93 elementor-section-boxed elementor-section-height-default elementor-section-height-default\" data-id=\"8275a93\" data-element_type=\"section\">\n\t\t\t\t\t\t<div class=\"elementor-container elementor-column-gap-default\">\n\t\t\t\t\t<div class=\"elementor-column elementor-col-100 elementor-top-column elementor-element elementor-element-2364cb0\" data-id=\"2364cb0\" data-element_type=\"column\">\n\t\t\t<div class=\"elementor-widget-wrap elementor-element-populated\">\n\t\t\t\t\t\t\t\t<div class=\"elementor-element elementor-element-36c9a07 elementor-widget elementor-widget-text-editor\" data-id=\"36c9a07\" data-element_type=\"widget\" data-widget_type=\"text-editor.default\">\n\t\t\t\t<div class=\"elementor-widget-container\">\n\t\t\t\t\t\t\t<p><em>Plus le nid est douillet, plus les ailes sont grandes pour voler<\/em><\/p>\t\t\t\t\t\t<\/div>\n\t\t\t\t<\/div>\n\t\t\t\t\t<\/div>\n\t\t<\/div>\n\t\t\t\t\t\t\t<\/div>\n\t\t<\/section>\n\t\t\t\t\t\t\t<\/div>\n\t\t","protected":false},"excerpt":{"rendered":"<p>&nbsp;Monitrice agr\u00e9e chez Accompagnante au bain envelopp\u00e9 \u00abDoux Cocon \u00bb agr\u00e9e centre de formation Parlon2mains Professionnels et Collectivit\u00e9s Si mes valeurs r\u00e9sonnent en harmonie, mes services pourraient bien \u00eatre la touche magique dont vos patients\/clients ont besoin ! Ne tardez pas \u00e0 me joindre pour que nous puissions cr\u00e9er ensemble une collaboration exceptionnelle. Je serais &hellip; <\/p>\n<p class=\"link-more\"><a href=\"https:\/\/les-ateliers-de-kylian-et-suzette.fr\/index.php\/mes-prestations\/espace-partenaires-et-professionnels\/\" class=\"more-link\">Read more<span class=\"screen-reader-text\"> &#8220;Espace partenaires et professionnels&#8221;<\/span><\/a><\/p>\n","protected":false},"author":1,"featured_media":0,"parent":2,"menu_order":0,"comment_status":"closed","ping_status":"closed","template":"","meta":{"footnotes":""},"class_list":["post-53","page","type-page","status-publish","hentry"],"_links":{"self":[{"href":"https:\/\/les-ateliers-de-kylian-et-suzette.fr\/index.php\/wp-json\/wp\/v2\/pages\/53","targetHints":{"allow":["GET"]}}],"collection":[{"href":"https:\/\/les-ateliers-de-kylian-et-suzette.fr\/index.php\/wp-json\/wp\/v2\/pages"}],"about":[{"href":"https:\/\/les-ateliers-de-kylian-et-suzette.fr\/index.php\/wp-json\/wp\/v2\/types\/page"}],"author":[{"embeddable":true,"href":"https:\/\/les-ateliers-de-kylian-et-suzette.fr\/index.php\/wp-json\/wp\/v2\/users\/1"}],"replies":[{"embeddable":true,"href":"https:\/\/les-ateliers-de-kylian-et-suzette.fr\/index.php\/wp-json\/wp\/v2\/comments?post=53"}],"version-history":[{"count":11,"href":"https:\/\/les-ateliers-de-kylian-et-suzette.fr\/index.php\/wp-json\/wp\/v2\/pages\/53\/revisions"}],"predecessor-version":[{"id":413,"href":"https:\/\/les-ateliers-de-kylian-et-suzette.fr\/index.php\/wp-json\/wp\/v2\/pages\/53\/revisions\/413"}],"up":[{"embeddable":true,"href":"https:\/\/les-ateliers-de-kylian-et-suzette.fr\/index.php\/wp-json\/wp\/v2\/pages\/2"}],"wp:attachment":[{"href":"https:\/\/les-ateliers-de-kylian-et-suzette.fr\/index.php\/wp-json\/wp\/v2\/media?parent=53"}],"curies":[{"name":"wp","href":"https:\/\/api.w.org\/{rel}","templated":true}]}}